{"id":41,"date":"2016-07-28T20:24:57","date_gmt":"2016-07-28T18:24:57","guid":{"rendered":"http:\/\/saxony-horses.de.w014dcae.kasserver.com\/?page_id=41"},"modified":"2026-04-03T12:45:45","modified_gmt":"2026-04-03T10:45:45","slug":"pferdetransport","status":"publish","type":"page","link":"https:\/\/www.saxony-horses.de\/index.php\/pferdetransport\/","title":{"rendered":"Pferdetransport"},"content":{"rendered":"<h2>Pferdetransportservice &amp; Pferdeanh\u00e4ngervermietung<\/h2>\n<p>Ein Pferd auf Reisen zu schicken, ist in erster Linie ein Sache des Vertrauens. Wir m\u00f6chten uns schon im Vorfeld f\u00fcr Dieses bedanken. Unsere kompetenten und fachlich geschulten Fahrer k\u00fcmmern sich um alle Belange der Pferde und gehen individuell auf diese ein.<\/p>\n<h2><a name=\"046748a1aa0974d01\"><\/a>Kosten<\/h2>\n<p>Die Kalkulation f\u00fcr den Transport Ihre Pferdes haben wir versucht so \u00fcbersichtlich wie m\u00f6glich zu gestalten. Kennen Sie die zu fahrenden Kilometer, dann kennen Sie auch Ihren Transportpreis. F\u00fcr jeden gefahrenen Kilometer berechnen wir 0,90 Cent. Ausgangspunkt f\u00fcr jeden Transport ist 01844 Neustadt. Dies bezieht sich auf Transporte bis zu zwei Pferden. F\u00fcr das Ausleihen eines B\u00f6ckmann 2 Pferdeanh\u00e4ngers berechnen wir 45,00 Euro pro Kalendertag. Alle angebotenen Preise sind exklusive der derzeit g\u00fcltigen Mehrwertsteuer. Gern unterbreiten wir Ihnen auch ein spezielles Angebot f\u00fcr mehrere Pferde und Langstrecken. Gerne stellen wir Ihnen f\u00fcr den Transport Ihres Pferdes auch Transportgamaschen ( Leihgeb\u00fchr 25,00 Euro ) und eine Pferdedecke ( Leihgeb\u00fchr 20,00 Euro) zur Verf\u00fcgung.<\/p>\n<h2><a name=\"046748a1aa0978002\"><\/a>Allgemeine Bestimmungen<\/h2>\n<p>Wir weisen darauf hin, dass alle Pferde auf Transporten, die durch uns und\/oder ein durch uns vermitteltes Partnerunternehmen durchgef\u00fchrt oder koordiniert werden, grunds\u00e4tzlich auf Risiko des Eigent\u00fcmers bzw. Auftraggebers be- und entladen und gefahren werden. Bei der Vermittlung einer zus\u00e4tzlichen Pferdetransportversicherung sind wir gerne behilflich. Es kann bekanntlich zu Versp\u00e4tungen\/Stornierungen kommen. Wir \u00fcbernehmen keinerlei Haftung an Personen, Tieren und Gegenst\u00e4nden, die mit dem Transport in Verbindung stehen. Die von den zu transportierenden Pferden verursachten Sch\u00e4den am Transportmittel tr\u00e4gt in jedem Fall der Pferdebesitzer oder dessen Tierhalterhaftpflichtversicherung. Alle Transporte werden ausschlie\u00dflich aufgrund der neuesten Tierschutztransport VO durchgef\u00fchrt. Zum Transport muss grunds\u00e4tzlich der entsprechende Equidenpass \/ Pferdepass mitgef\u00fchrt werden. Weitere Formalit\u00e4ten f\u00fcr Auslandstransporte erledigen wir gerne.<\/p>\n\n\n<div class=\"wp-block-button\"><a class=\"wp-block-button__link\" href=\"http:\/\/www.saxony-horses.de\/index.php\/kontakt\/\">eine Anfrage stellen<\/a><\/div>\n","protected":false},"excerpt":{"rendered":"<p>Pferdetransportservice &amp; Pferdeanh\u00e4ngervermietung Ein Pferd auf Reisen zu schicken, ist in erster Linie ein Sache des Vertrauens. Wir m\u00f6chten uns schon im Vorfeld f\u00fcr Dieses bedanken. Unsere kompetenten und fachlich geschulten Fahrer k\u00fcmmern sich um alle Belange der Pferde und gehen individuell auf diese ein. Kosten Die Kalkulation f\u00fcr den\u2026 <a class=\"continue-reading-link\" href=\"https:\/\/www.saxony-horses.de\/index.php\/pferdetransport\/\">Mehr Informationen, Bilder und Videos<\/a><\/p>\n","protected":false},"author":1,"featured_media":0,"parent":0,"menu_order":0,"comment_status":"closed","ping_status":"closed","template":"","meta":[],"_links":{"self":[{"href":"https:\/\/www.saxony-horses.de\/index.php\/wp-json\/wp\/v2\/pages\/41"}],"collection":[{"href":"https:\/\/www.saxony-horses.de\/index.php\/wp-json\/wp\/v2\/pages"}],"about":[{"href":"https:\/\/www.saxony-horses.de\/index.php\/wp-json\/wp\/v2\/types\/page"}],"author":[{"embeddable":true,"href":"https:\/\/www.saxony-horses.de\/index.php\/wp-json\/wp\/v2\/users\/1"}],"replies":[{"embeddable":true,"href":"https:\/\/www.saxony-horses.de\/index.php\/wp-json\/wp\/v2\/comments?post=41"}],"version-history":[{"count":6,"href":"https:\/\/www.saxony-horses.de\/index.php\/wp-json\/wp\/v2\/pages\/41\/revisions"}],"predecessor-version":[{"id":2245,"href":"https:\/\/www.saxony-horses.de\/index.php\/wp-json\/wp\/v2\/pages\/41\/revisions\/2245"}],"wp:attachment":[{"href":"https:\/\/www.saxony-horses.de\/index.php\/wp-json\/wp\/v2\/media?parent=41"}],"curies":[{"name":"wp","href":"https:\/\/api.w.org\/{rel}","templated":true}]}}